{"id":497,"date":"2023-07-24T12:58:41","date_gmt":"2023-07-24T10:58:41","guid":{"rendered":"https:\/\/research.dii.unipd.it\/sindone\/?page_id=497"},"modified":"2024-11-30T18:20:22","modified_gmt":"2024-11-30T17:20:22","slug":"presentazioni-pdf","status":"publish","type":"page","link":"https:\/\/research.dii.unipd.it\/sindone\/presentazioni-pdf\/","title":{"rendered":"Presentazioni PDF"},"content":{"rendered":"<div data-label=\"Features\" data-id=\"features--1\" data-export-id=\"features-16\" data-category=\"features\" class=\"features-16 content-section content-section-spacing\" id=\"features-1\" style=\"background-image: none\" data-section-ov=\"1\"><div class=\"gridContainer\"> <div class=\"row text-center\"><div class=\"section-title-col\" data-type=\"column\">  <p class=\"lead\">In questa pagina \u00e8 possibile scaricare documenti PDF relativi a congressi, conferenze e tesi di laurea inerenti l\u2019analisi di immagini in riferimento alla Sacra Sindone.<\/p><\/div> <\/div> <div class=\"row spaced-cols\" data-type=\"row\"> <div class=\"col-xs-12 col-sm-6 col-md-4 space-bottom\"> <a data-cp-link=\"1\" href=\"https:\/\/research.dii.unipd.it\/sindone\/wp-content\/uploads\/sites\/85\/2023\/07\/mostra.pdf\" target=\"_self\" rel=\"noopener\" class=\"\"><img decoding=\"async\" class=\"face\" src=\"https:\/\/research.dii.unipd.it\/sindone\/wp-content\/uploads\/sites\/85\/2023\/07\/cropped-PDF_1_titolo.jpg\" title=\"cropped-PDF_1_titolo.jpg\" alt=\"\"><\/a> <div data-type=\"column\" class=\"col-padding-small col-padding-small-xs description-container\"> <h4 class=\"font-500\" style=\"text-align: center\">SINDONE: LA SCIENZA RAFFORZA LA FEDE<\/h4> <p class=\"\">Mostra realizzata dal Prof. Giulio Fanti (UniPd)\n<br>e dalla Dott.ssa Barbare Faccini (UniFe)<\/p> <a class=\"read-more\" href=\"https:\/\/research.dii.unipd.it\/sindone\/wp-content\/uploads\/sites\/85\/2023\/07\/mostra.pdf\" target=\"_self\" data-cp-link=\"1\" rel=\"noopener\">Download PDF<\/a><\/div> <\/div> <div class=\"col-xs-12 col-sm-6 col-md-4 space-bottom\"> <a data-cp-link=\"1\" href=\"https:\/\/research.dii.unipd.it\/sindone\/wp-content\/uploads\/sites\/85\/2023\/09\/COMSOL-paper.pdf\" target=\"_self\" rel=\"noopener\" class=\"\"><img decoding=\"async\" class=\"face\" src=\"https:\/\/research.dii.unipd.it\/sindone\/wp-content\/uploads\/sites\/85\/2023\/09\/COMSOL_poster-scaled.jpg\" title=\"COMSOL_poster\" alt=\"\"><\/a> <div data-type=\"column\" class=\"col-padding-small col-padding-small-xs description-container\"> <h4 class=\"font-500\" style=\"text-align: center\">NUMERICAL SIMULATION OF A HUMAN BODY SUBJECTED TO ELECTROSTATIC FIELDS FOR STUDY OF THE TURIN SHROUD BODY IMAGE.<\/h4> <p class=\"\">TheTurinShroud&nbsp; shows a very particular image not yet explained by science. The best hypothesis to explain it is based on Corona Discharge generated by a local intensification, due to a complex mechanism currently under examination, of a background electric field.<br>\nExperimental studies have shown that a Corona Discharge can produce an image on a linen fabric whose intensity is proportional to the electric field acting on it.&nbsp;<\/p> <a class=\"read-more\" style=\"position: relative;top: 0px;left: 0px\" href=\"https:\/\/research.dii.unipd.it\/sindone\/wp-content\/uploads\/sites\/85\/2023\/09\/COMSOL-paper.pdf\" target=\"_self\" data-cp-link=\"1\" rel=\"noopener\">Download PDF<\/a><\/div> <\/div> <div class=\"col-xs-12 col-sm-6 col-md-4 space-bottom\"> <a data-cp-link=\"1\" href=\"https:\/\/research.dii.unipd.it\/sindone\/wp-content\/uploads\/sites\/85\/2023\/10\/Ipotesi-sulla-formazione-dell.pdf\" target=\"_self\" rel=\"noopener\" class=\"\"><img decoding=\"async\" class=\"face\" src=\"https:\/\/research.dii.unipd.it\/sindone\/wp-content\/uploads\/sites\/85\/2023\/10\/Ipotesi-sulla-formazione-dell.jpg\" title=\"Ipotesi sulla formazione dell\" alt=\"\"><\/a> <div data-type=\"column\" class=\"col-padding-small col-padding-small-xs description-container\"> <h4 class=\"font-500\">IPOTESI SULLA FORMAZIONE DELL\u2019IMMAGINE CORPOREA DELLA SINDONE DI TORINO. \n<br>COMPENDIO CRITICO<\/h4> <p class=\"\">Fin dal 1898, quando Pia ottenne le prime fotografie della Sindone di Torino, molti ricercatori hanno avanzato ipotesi di formazione dell\u2019immagine corporea visibile sulla Reliquia pi\u00f9 importante della Cristianit\u00e0. Fino ad oggi sono state esaminate molte ipotesi interessanti, ma nessuna di queste pu\u00f2 spiegare completamente la misteriosa immagine. Questo articolo considera le pi\u00f9 importanti fra queste ipotesi e conclude che la radiazione fu responsabile della formazione dell\u2019immagine. Anche se questa ipotesi \u00e8 ancora incompleta, fra le varie fonti di fenomeni radiativi, si preferisce l\u201feffetto corona.<\/p> <a class=\"read-more\" style=\"position: relative;top: 0px;left: 0px\" href=\"https:\/\/research.dii.unipd.it\/sindone\/wp-content\/uploads\/sites\/85\/2023\/10\/Ipotesi-sulla-formazione-dell.pdf\" target=\"_self\" data-cp-link=\"1\" rel=\"noopener\">Download PDF<\/a><\/div> <\/div><\/div> <\/div><\/div><div data-label=\"Features\" data-id=\"features--2\" data-export-id=\"features-16-card-bordered\" data-category=\"features\" class=\"features-16-card-bordered content-section content-section-spacing\" id=\"features-2\"><div class=\"gridContainer\"> <div class=\"row text-center\"><div class=\"section-title-col\" data-type=\"column\">  <\/div> <\/div> <div class=\"row spaced-cols\" data-type=\"row\"> <div class=\"col-xs-12 col-sm-6 col-md-4\"> <div class=\"card no-padding bordered y-move\"> <a data-cp-link=\"1\" href=\"#\"><img decoding=\"async\" class=\"face\" src=\"https:\/\/research.dii.unipd.it\/sindone\/wp-content\/uploads\/sites\/85\/2024\/11\/cropped-Articolo_ita.png\" title=\"cropped-Articolo_ita.png\" alt=\"\"><\/a> <div data-type=\"column\" class=\"col-padding-small col-padding-small-xs description-container\"> <h4 class=\"font-500\">REVISIONE DI APPROFONDIMENTI CHE CONFERMANO I RESOCONTI BIBLICI SULL&#8217;EZIOLOGIA DELLA MORTE E DELLA RISURREZIONE DI CRISTO<\/h4> <p class=\"\">Sono stati pubblicati vari nuovi resoconti sul sangue trovato sulla TS (Turin Shroud, Sindone di Torino). Queste pubblicazioni confermano e migliorano le ipotesi passate riguardanti lo stato fisico particolare di Ges\u00f9 durante le sue ultime venti ore prima di morire.<\/p><\/div> <div data-type=\"column\" class=\"col-padding-small col-padding-small-xs read-more-container\"><a class=\"read-more\" href=\"#\" target=\"_self\" data-cp-link=\"1\">Download PDF<\/a><\/div> <\/div><\/div>   <\/div><\/div> <\/div>","protected":false},"excerpt":{"rendered":"<p>In questa pagina \u00e8 possibile scaricare documenti PDF relativi a congressi, conferenze e tesi di laurea inerenti l\u2019analisi di immagini in riferimento alla Sacra Sindone. SINDONE: LA SCIENZA RAFFORZA LA FEDE Mostra realizzata dal Prof. Giulio Fanti (UniPd) e dalla Dott.ssa Barbare Faccini (UniFe) Download PDF NUMERICAL SIMULATION OF A HUMAN BODY SUBJECTED TO ELECTROSTATIC&hellip; <br \/> <a class=\"read-more\" href=\"https:\/\/research.dii.unipd.it\/sindone\/presentazioni-pdf\/\">Leggi tutto<\/a><\/p>\n","protected":false},"author":142,"featured_media":0,"parent":0,"menu_order":0,"comment_status":"closed","ping_status":"closed","template":"pro\/page-templates\/full-width-page.php","meta":{"footnotes":""},"folder":[],"class_list":["post-497","page","type-page","status-publish","hentry"],"yoast_head":"<!-- This site is optimized with the Yoast SEO plugin v27.5 - https:\/\/yoast.com\/product\/yoast-seo-wordpress\/ -->\n<title>Presentazioni PDF - Sacra Sindone<\/title>\n<meta name=\"robots\" content=\"index, follow, max-snippet:-1, max-image-preview:large, max-video-preview:-1\" \/>\n<link rel=\"canonical\" href=\"https:\/\/research.dii.unipd.it\/sindone\/presentazioni-pdf\/\" \/>\n<meta property=\"og:locale\" content=\"it_IT\" \/>\n<meta property=\"og:type\" content=\"article\" \/>\n<meta property=\"og:title\" content=\"Presentazioni PDF - Sacra Sindone\" \/>\n<meta property=\"og:description\" content=\"In questa pagina \u00e8 possibile scaricare documenti PDF relativi a congressi, conferenze e tesi di laurea inerenti l\u2019analisi di immagini in riferimento alla Sacra Sindone. SINDONE: LA SCIENZA RAFFORZA LA FEDE Mostra realizzata dal Prof. Giulio Fanti (UniPd) e dalla Dott.ssa Barbare Faccini (UniFe) Download PDF NUMERICAL SIMULATION OF A HUMAN BODY SUBJECTED TO ELECTROSTATIC&hellip; Leggi tutto\" \/>\n<meta property=\"og:url\" content=\"https:\/\/research.dii.unipd.it\/sindone\/presentazioni-pdf\/\" \/>\n<meta property=\"og:site_name\" content=\"Sacra Sindone\" \/>\n<meta property=\"article:modified_time\" content=\"2024-11-30T17:20:22+00:00\" \/>\n<meta property=\"og:image\" content=\"https:\/\/research.dii.unipd.it\/sindone\/wp-content\/uploads\/sites\/85\/2023\/07\/cropped-PDF_1_titolo.jpg\" \/>\n<meta name=\"twitter:card\" content=\"summary_large_image\" \/>\n<script type=\"application\/ld+json\" class=\"yoast-schema-graph\">{\"@context\":\"https:\\\/\\\/schema.org\",\"@graph\":[{\"@type\":\"WebPage\",\"@id\":\"https:\\\/\\\/research.dii.unipd.it\\\/sindone\\\/presentazioni-pdf\\\/\",\"url\":\"https:\\\/\\\/research.dii.unipd.it\\\/sindone\\\/presentazioni-pdf\\\/\",\"name\":\"Presentazioni PDF - Sacra Sindone\",\"isPartOf\":{\"@id\":\"https:\\\/\\\/research.dii.unipd.it\\\/sindone\\\/#website\"},\"primaryImageOfPage\":{\"@id\":\"https:\\\/\\\/research.dii.unipd.it\\\/sindone\\\/presentazioni-pdf\\\/#primaryimage\"},\"image\":{\"@id\":\"https:\\\/\\\/research.dii.unipd.it\\\/sindone\\\/presentazioni-pdf\\\/#primaryimage\"},\"thumbnailUrl\":\"https:\\\/\\\/research.dii.unipd.it\\\/sindone\\\/wp-content\\\/uploads\\\/sites\\\/85\\\/2023\\\/07\\\/cropped-PDF_1_titolo.jpg\",\"datePublished\":\"2023-07-24T10:58:41+00:00\",\"dateModified\":\"2024-11-30T17:20:22+00:00\",\"breadcrumb\":{\"@id\":\"https:\\\/\\\/research.dii.unipd.it\\\/sindone\\\/presentazioni-pdf\\\/#breadcrumb\"},\"inLanguage\":\"it-IT\",\"potentialAction\":[{\"@type\":\"ReadAction\",\"target\":[\"https:\\\/\\\/research.dii.unipd.it\\\/sindone\\\/presentazioni-pdf\\\/\"]}]},{\"@type\":\"ImageObject\",\"inLanguage\":\"it-IT\",\"@id\":\"https:\\\/\\\/research.dii.unipd.it\\\/sindone\\\/presentazioni-pdf\\\/#primaryimage\",\"url\":\"https:\\\/\\\/research.dii.unipd.it\\\/sindone\\\/wp-content\\\/uploads\\\/sites\\\/85\\\/2023\\\/07\\\/cropped-PDF_1_titolo.jpg\",\"contentUrl\":\"https:\\\/\\\/research.dii.unipd.it\\\/sindone\\\/wp-content\\\/uploads\\\/sites\\\/85\\\/2023\\\/07\\\/cropped-PDF_1_titolo.jpg\",\"width\":515,\"height\":775},{\"@type\":\"BreadcrumbList\",\"@id\":\"https:\\\/\\\/research.dii.unipd.it\\\/sindone\\\/presentazioni-pdf\\\/#breadcrumb\",\"itemListElement\":[{\"@type\":\"ListItem\",\"position\":1,\"name\":\"Home\",\"item\":\"https:\\\/\\\/research.dii.unipd.it\\\/sindone\\\/\"},{\"@type\":\"ListItem\",\"position\":2,\"name\":\"Presentazioni PDF\"}]},{\"@type\":\"WebSite\",\"@id\":\"https:\\\/\\\/research.dii.unipd.it\\\/sindone\\\/#website\",\"url\":\"https:\\\/\\\/research.dii.unipd.it\\\/sindone\\\/\",\"name\":\"Sacra Sindone\",\"description\":\"\",\"publisher\":{\"@id\":\"https:\\\/\\\/research.dii.unipd.it\\\/sindone\\\/#organization\"},\"potentialAction\":[{\"@type\":\"SearchAction\",\"target\":{\"@type\":\"EntryPoint\",\"urlTemplate\":\"https:\\\/\\\/research.dii.unipd.it\\\/sindone\\\/?s={search_term_string}\"},\"query-input\":{\"@type\":\"PropertyValueSpecification\",\"valueRequired\":true,\"valueName\":\"search_term_string\"}}],\"inLanguage\":\"it-IT\"},{\"@type\":\"Organization\",\"@id\":\"https:\\\/\\\/research.dii.unipd.it\\\/sindone\\\/#organization\",\"name\":\"Universit\u00e0 degli studi di Padova\",\"url\":\"https:\\\/\\\/research.dii.unipd.it\\\/sindone\\\/\",\"logo\":{\"@type\":\"ImageObject\",\"inLanguage\":\"it-IT\",\"@id\":\"https:\\\/\\\/research.dii.unipd.it\\\/sindone\\\/#\\\/schema\\\/logo\\\/image\\\/\",\"url\":\"https:\\\/\\\/research.dii.unipd.it\\\/sindone\\\/wp-content\\\/uploads\\\/sites\\\/85\\\/2023\\\/08\\\/cropped-Logo_HOME-2.jpg\",\"contentUrl\":\"https:\\\/\\\/research.dii.unipd.it\\\/sindone\\\/wp-content\\\/uploads\\\/sites\\\/85\\\/2023\\\/08\\\/cropped-Logo_HOME-2.jpg\",\"width\":1573,\"height\":603,\"caption\":\"Universit\u00e0 degli studi di Padova\"},\"image\":{\"@id\":\"https:\\\/\\\/research.dii.unipd.it\\\/sindone\\\/#\\\/schema\\\/logo\\\/image\\\/\"}}]}<\/script>\n<!-- \/ Yoast SEO plugin. -->","yoast_head_json":{"title":"Presentazioni PDF - Sacra Sindone","robots":{"index":"index","follow":"follow","max-snippet":"max-snippet:-1","max-image-preview":"max-image-preview:large","max-video-preview":"max-video-preview:-1"},"canonical":"https:\/\/research.dii.unipd.it\/sindone\/presentazioni-pdf\/","og_locale":"it_IT","og_type":"article","og_title":"Presentazioni PDF - Sacra Sindone","og_description":"In questa pagina \u00e8 possibile scaricare documenti PDF relativi a congressi, conferenze e tesi di laurea inerenti l\u2019analisi di immagini in riferimento alla Sacra Sindone. SINDONE: LA SCIENZA RAFFORZA LA FEDE Mostra realizzata dal Prof. Giulio Fanti (UniPd) e dalla Dott.ssa Barbare Faccini (UniFe) Download PDF NUMERICAL SIMULATION OF A HUMAN BODY SUBJECTED TO ELECTROSTATIC&hellip; Leggi tutto","og_url":"https:\/\/research.dii.unipd.it\/sindone\/presentazioni-pdf\/","og_site_name":"Sacra Sindone","article_modified_time":"2024-11-30T17:20:22+00:00","og_image":[{"url":"https:\/\/research.dii.unipd.it\/sindone\/wp-content\/uploads\/sites\/85\/2023\/07\/cropped-PDF_1_titolo.jpg","type":"","width":"","height":""}],"twitter_card":"summary_large_image","schema":{"@context":"https:\/\/schema.org","@graph":[{"@type":"WebPage","@id":"https:\/\/research.dii.unipd.it\/sindone\/presentazioni-pdf\/","url":"https:\/\/research.dii.unipd.it\/sindone\/presentazioni-pdf\/","name":"Presentazioni PDF - Sacra Sindone","isPartOf":{"@id":"https:\/\/research.dii.unipd.it\/sindone\/#website"},"primaryImageOfPage":{"@id":"https:\/\/research.dii.unipd.it\/sindone\/presentazioni-pdf\/#primaryimage"},"image":{"@id":"https:\/\/research.dii.unipd.it\/sindone\/presentazioni-pdf\/#primaryimage"},"thumbnailUrl":"https:\/\/research.dii.unipd.it\/sindone\/wp-content\/uploads\/sites\/85\/2023\/07\/cropped-PDF_1_titolo.jpg","datePublished":"2023-07-24T10:58:41+00:00","dateModified":"2024-11-30T17:20:22+00:00","breadcrumb":{"@id":"https:\/\/research.dii.unipd.it\/sindone\/presentazioni-pdf\/#breadcrumb"},"inLanguage":"it-IT","potentialAction":[{"@type":"ReadAction","target":["https:\/\/research.dii.unipd.it\/sindone\/presentazioni-pdf\/"]}]},{"@type":"ImageObject","inLanguage":"it-IT","@id":"https:\/\/research.dii.unipd.it\/sindone\/presentazioni-pdf\/#primaryimage","url":"https:\/\/research.dii.unipd.it\/sindone\/wp-content\/uploads\/sites\/85\/2023\/07\/cropped-PDF_1_titolo.jpg","contentUrl":"https:\/\/research.dii.unipd.it\/sindone\/wp-content\/uploads\/sites\/85\/2023\/07\/cropped-PDF_1_titolo.jpg","width":515,"height":775},{"@type":"BreadcrumbList","@id":"https:\/\/research.dii.unipd.it\/sindone\/presentazioni-pdf\/#breadcrumb","itemListElement":[{"@type":"ListItem","position":1,"name":"Home","item":"https:\/\/research.dii.unipd.it\/sindone\/"},{"@type":"ListItem","position":2,"name":"Presentazioni PDF"}]},{"@type":"WebSite","@id":"https:\/\/research.dii.unipd.it\/sindone\/#website","url":"https:\/\/research.dii.unipd.it\/sindone\/","name":"Sacra Sindone","description":"","publisher":{"@id":"https:\/\/research.dii.unipd.it\/sindone\/#organization"},"potentialAction":[{"@type":"SearchAction","target":{"@type":"EntryPoint","urlTemplate":"https:\/\/research.dii.unipd.it\/sindone\/?s={search_term_string}"},"query-input":{"@type":"PropertyValueSpecification","valueRequired":true,"valueName":"search_term_string"}}],"inLanguage":"it-IT"},{"@type":"Organization","@id":"https:\/\/research.dii.unipd.it\/sindone\/#organization","name":"Universit\u00e0 degli studi di Padova","url":"https:\/\/research.dii.unipd.it\/sindone\/","logo":{"@type":"ImageObject","inLanguage":"it-IT","@id":"https:\/\/research.dii.unipd.it\/sindone\/#\/schema\/logo\/image\/","url":"https:\/\/research.dii.unipd.it\/sindone\/wp-content\/uploads\/sites\/85\/2023\/08\/cropped-Logo_HOME-2.jpg","contentUrl":"https:\/\/research.dii.unipd.it\/sindone\/wp-content\/uploads\/sites\/85\/2023\/08\/cropped-Logo_HOME-2.jpg","width":1573,"height":603,"caption":"Universit\u00e0 degli studi di Padova"},"image":{"@id":"https:\/\/research.dii.unipd.it\/sindone\/#\/schema\/logo\/image\/"}}]}},"_links":{"self":[{"href":"https:\/\/research.dii.unipd.it\/sindone\/wp-json\/wp\/v2\/pages\/497","targetHints":{"allow":["GET"]}}],"collection":[{"href":"https:\/\/research.dii.unipd.it\/sindone\/wp-json\/wp\/v2\/pages"}],"about":[{"href":"https:\/\/research.dii.unipd.it\/sindone\/wp-json\/wp\/v2\/types\/page"}],"author":[{"embeddable":true,"href":"https:\/\/research.dii.unipd.it\/sindone\/wp-json\/wp\/v2\/users\/142"}],"replies":[{"embeddable":true,"href":"https:\/\/research.dii.unipd.it\/sindone\/wp-json\/wp\/v2\/comments?post=497"}],"version-history":[{"count":13,"href":"https:\/\/research.dii.unipd.it\/sindone\/wp-json\/wp\/v2\/pages\/497\/revisions"}],"predecessor-version":[{"id":716,"href":"https:\/\/research.dii.unipd.it\/sindone\/wp-json\/wp\/v2\/pages\/497\/revisions\/716"}],"wp:attachment":[{"href":"https:\/\/research.dii.unipd.it\/sindone\/wp-json\/wp\/v2\/media?parent=497"}],"wp:term":[{"taxonomy":"folder","embeddable":true,"href":"https:\/\/research.dii.unipd.it\/sindone\/wp-json\/wp\/v2\/folder?post=497"}],"curies":[{"name":"wp","href":"https:\/\/api.w.org\/{rel}","templated":true}]}}