{"id":215,"date":"2018-03-23T09:59:38","date_gmt":"2018-03-23T08:59:38","guid":{"rendered":"http:\/\/templategdr.dii.unipd.it\/?page_id=215"},"modified":"2023-11-01T12:51:15","modified_gmt":"2023-11-01T11:51:15","slug":"research-topics","status":"publish","type":"page","link":"https:\/\/research.dii.unipd.it\/sindone\/research-topics\/","title":{"rendered":"Pubblicazioni sulla S. Sindone"},"content":{"rendered":"<div data-label=\"Content\" data-id=\"content--4\" data-export-id=\"content-8\" data-category=\"content\" class=\"content-8 content-section content-section-spacing\" id=\"content-4\" style=\"background-image: none\" data-section-ov=\"1\"><div class=\"gridContainer\"> <div class=\"row middle-sm\"><div class=\"col-sm-6 space-bottom-xs space-top-xs\" data-type=\"column\"> <a data-cp-link=\"1\" href=\"https:\/\/www.edizionisegno.it\/libro.asp?id=2047\" class=\"\" target=\"_self\" rel=\"noopener\"><img decoding=\"async\" class=\"shadow-large\" src=\"https:\/\/research.dii.unipd.it\/sindone\/wp-content\/uploads\/sites\/85\/2023\/07\/cropped-Sindone-primo-secolo.jpg\" title=\"cropped-Sindone-primo-secolo.jpg\" alt=\"\"><\/a><\/div> <div class=\"col-sm-6\" data-type=\"column\"><h2 class=\"\">Sindone: primo secolo dopo Cristo!<\/h2> <p class=\"\">Dopo il test radiocarbonico del 1988, gli scienziati responsabili si fecero fotografare con la data medievale scritta alla lavagna e seguita da un punto esclamativo; ora, il punto esclamativo deve essere riferito a una data del I secolo dopo Cristo. Fra le novit\u00e0 pi\u00f9 interessanti risulta non solo che, in base a nuovi metodi di datazione meccanica e chimica, la Sindone \u00e8 compatibile con il periodo in cui Ges\u00f9 di Nazareth visse in Palestina, ma che fu anche un modello per l\u2019iconografia numismatica bizantina a partire dal 692 d.C. Infatti chi incise le monete in quegli anni aveva appena sette probabilit\u00e0 su un miliardo di miliardi di coniare quel particolare volto di Cristo senza avere visto l\u2019immagine sindonica. Gli studi scientifici sulla Reliquia fino ad oggi non riescono a fornire risposte conclusive sia sull\u2019identit\u00e0 dell\u2019Uomo che vi fu avvolto, sia sulla dinamica di formazione dell\u2019immagine ivi impressa. La scienza umana deve ammettere i suoi limiti, ma gli studi continuano anche per sfatare ipotesi assurde ed errate conclusioni. Il libro non solo affronta questi temi in modo scientifico e il pi\u00f9 possibile oggettivo, ma alla portata di tutti, conducendo anche il Lettore attraverso nuovi percorsi di ricerca.\n<br>Edizioni Segno 2020.<\/p> <a class=\"button color1\" href=\"https:\/\/www.edizionisegno.it\/libro.asp?id=2047\" target=\"_self\" data-cp-link=\"1\" data-icon=\"\" rel=\"noopener\">Edizioni Segno<\/a><a class=\"button color1\" href=\"https:\/\/www.amazon.it\/Sindone-Primo-secolo-dopo-Cristo\/dp\/889318527X\/ref=pd_lpo_sccl_1\/262-3828042-2405404?pd_rd_w=GUZsH&amp;content-id=amzn1.sym.ea085fcb-88c2-4ef1-bed6-a46252d1c04b&amp;pf_rd_p=ea085fcb-88c2-4ef1-bed6-a46252d1c04b&amp;pf_rd_r=W5HAP51WJ0HTS302FY8M&amp;pd_rd_wg=R0ECn&amp;pd_rd_r=9015ff86-c7f5-4408-9d6d-093f72b9c8a7&amp;pd_rd_i=889318527X&amp;psc=1\" target=\"_self\" data-cp-link=\"1\" data-icon=\"\" rel=\"noopener\">Amazon<\/a><\/div> <\/div><\/div> <\/div><div data-label=\"Content\" data-id=\"content--6\" data-export-id=\"content-8\" data-category=\"content\" class=\"content-8 content-section content-section-spacing\" id=\"content-6\" style=\"background-image: none\" data-section-ov=\"1\"><div class=\"gridContainer\"> <div class=\"row middle-sm\"><div class=\"col-sm-6 space-bottom-xs space-top-xs\" data-type=\"column\"> <a data-cp-link=\"1\" href=\"https:\/\/www.amazon.it\/Holy-Fire-Divine-Photography-Shroud\/dp\/9814968919\/ref=sr_1_5?__mk_it_IT=%C3%85M%C3%85%C5%BD%C3%95%C3%91&amp;crid=26QN46MQJY4GR&amp;keywords=giulio%2Bfanti&amp;qid=1698694528&amp;s=books&amp;sprefix=giulio%2Bfanti%2Cstripbooks%2C90&amp;sr=1-5\" class=\"\" target=\"_self\" rel=\"noopener\"><img decoding=\"async\" class=\"shadow-large\" src=\"https:\/\/research.dii.unipd.it\/sindone\/wp-content\/uploads\/sites\/85\/2023\/10\/Holy_Fire-e1698695373979.jpg\" title=\"Holy_Fire\" alt=\"\"><\/a><\/div> <div class=\"col-sm-6\" data-type=\"column\"><h2 class=\"\">The Holy Fire and the Divine Photography: The Image of the Holy Shroud of Christ<\/h2> <p class=\"\">The information presented in this book will startle the world. For centuries, the authenticity of the Holy Shroud has been argued about. Skeptics push their negative opinion based on a few highly questionable clues, while the authenticists continue to detect new facts confirming that the Relic wrapped the corpse of Jesus Christ and that the body image impressed on it was produced by a source of energy generated during the Resurrection.<br>\nWhat is world-changing is that to explain this \u201cimpossible image\u201d of a tortured and crucified man, the book presents a startling new hypothesis, the \u201cDivine Photograph\u201d taken at the instant of the Resurrection, based on a phenomenon, the \u201cMiracle of the Holy Fire\u201d that manifests on every Holy Saturday at the Holy Sepulcher in Jerusalem. As this amazing relationship becomes more broadly known, the world will be shocked.\n<br>Jenny Stanford Publishing 2023<\/p> <a class=\"button color1\" href=\"https:\/\/www.amazon.it\/Holy-Fire-Divine-Photography-Shroud\/dp\/9814968919\/ref=sr_1_5?__mk_it_IT=%C3%85M%C3%85%C5%BD%C3%95%C3%91&amp;crid=26QN46MQJY4GR&amp;keywords=giulio%2Bfanti&amp;qid=1698694528&amp;s=books&amp;sprefix=giulio%2Bfanti%2Cstripbooks%2C90&amp;sr=1-5\" target=\"_self\" data-cp-link=\"1\" data-icon=\"\" rel=\"noopener\">Amazon<\/a><\/div> <\/div><\/div> <\/div><div data-label=\"Content\" data-id=\"content--1\" data-export-id=\"content-8\" data-category=\"content\" class=\"content-8 content-section content-section-spacing\" id=\"content-1\" style=\"background-image: none\" data-section-ov=\"1\"><div class=\"gridContainer\"> <div class=\"row middle-sm\"><div class=\"col-sm-6 space-bottom-xs space-top-xs\" data-type=\"column\"> <a data-cp-link=\"1\" href=\"https:\/\/www.aracne-editrice.it\/index.php\/pubblicazione.html?item=9788854816237\" class=\"\" target=\"_self\" rel=\"noopener\"><img decoding=\"async\" class=\"shadow-large\" src=\"https:\/\/research.dii.unipd.it\/sindone\/wp-content\/uploads\/sites\/85\/2023\/07\/cropped-Sindon2.jpg\" title=\"cropped-Sindon2.jpg\" alt=\"\"><\/a><a data-cp-link=\"1\" href=\"https:\/\/www.aracne-editrice.it\/index.php\/pubblicazione.html?item=9788854816237\" class=\"\" target=\"_self\" rel=\"noopener\"><img decoding=\"async\" class=\"custom-image\" src=\"https:\/\/research.dii.unipd.it\/sindone\/wp-content\/uploads\/sites\/85\/2023\/07\/Sindon2.jpg\" title=\"Sindon2\" alt=\"\"><\/a><\/div> <div class=\"col-sm-6\" data-type=\"column\"><h2 class=\"\">La Sindone, una sfida alla scienza moderna<\/h2> <p class=\"\">Questo libro sulla Sindone \u201cdi portata enciclopedica\u201d (secondo quanto \u00e8<br>\nscritto nelle prefazioni), \u00e8 un testo scientifico alla portata di tutti ed \u00e8 un<br>\n\u201crespiro di aria fresca\u201d nella letteratura sul tema; esso \u201cavr\u00e0 un posto<br>\nspeciale nella biblioteca di qualsiasi persona interessata alla Sindone\u201d.<br>\nLa \u201ccompetenza, i mezzi e la dedizione\u201d, nonch\u00e9 \u201cil rigore scientifico\u201d<br>\ndell\u2019autore, gli hanno permesso di \u201ccoprire ogni aspetto dello studio della<br>\nSindone\u201d. Egli, \u201c\u00e8 pervenuto ad una conclusione sensazionale: questa<br>\nraffigurazione della Sindone di Torino \u00e8 il risultato di un effetto energetico<br>\nspeciale, connesso ad una emissione di elettroni.\u201d<br>\nIl libro \u00e8 \u201cun eccellente esempio del fatto che la scienza pu\u00f2 essere messa al<br>\nservizio della verit\u00e0 biblica\u201d.<br>\nIl lettore trover\u00e0 risposta a molte domande come: La Sindone \u00e8 autentica?<br>\nCome si \u00e8 formata l\u2019immagine corporea? Chi \u00e8 l\u2019Uomo della Sindone?<br>\nO come: \u0116 attendibile l\u2019analisi del C14? Cosa indica l\u2019analisi del DNA?<br>\nPerch\u00e9 la scienza non \u00e8 capace di riprodurre l\u2019immagine?\n<br>Aracne Editrice<\/p> <a class=\"button color1\" href=\"https:\/\/www.aracne-editrice.it\/index.php\/pubblicazione.html?item=9788854816237\" target=\"_self\" data-cp-link=\"1\" data-icon=\"\" rel=\"noopener\">Aracne editrice<\/a><a class=\"button color1\" href=\"https:\/\/www.amazon.it\/Sindone-sfida-alla-scienza-moderna\/dp\/885481623X\/ref=sr_1_6?__mk_it_IT=%C3%85M%C3%85%C5%BD%C3%95%C3%91&amp;crid=2ZPKSSTBHFZTK&amp;keywords=sindone%2Bfanti&amp;qid=1690142104&amp;s=books&amp;sprefix=sindone%2Bfanti%2Cstripbooks%2C82&amp;sr=1-6\" target=\"_self\" data-cp-link=\"1\" data-icon=\"\" rel=\"noopener\">Amazon<\/a><\/div> <\/div><\/div> <\/div><div data-label=\"Content\" data-id=\"content--3\" data-export-id=\"content-8\" data-category=\"content\" class=\"content-8 content-section content-section-spacing\" id=\"content-3\" style=\"background-image: none\" data-section-ov=\"1\"><div class=\"gridContainer\"> <div class=\"row middle-sm\"><div class=\"col-sm-6 space-bottom-xs space-top-xs\" data-type=\"column\"> <a data-cp-link=\"1\" href=\"https:\/\/www.amazon.it\/Sindone-sorprendenti-scoperte-scientifiche-sullenigma\/dp\/8817080810\/ref=sr_1_8?qid=1690141881&amp;refinements=p_27%3AGiulio%2BFanti&amp;s=books&amp;sr=1-8\" class=\"\" target=\"_self\" rel=\"noopener\"><img decoding=\"async\" class=\"shadow-large\" src=\"https:\/\/research.dii.unipd.it\/sindone\/wp-content\/uploads\/sites\/85\/2023\/07\/cropped-cropped-cropped-Sindon1-e1690140886158-1.jpg\" title=\"cropped-Sindon1-e1690140886158\" alt=\"\"><\/a><\/div> <div class=\"col-sm-6\" data-type=\"column\"><h2 class=\"\">Il mistero della Sindone<\/h2> <p class=\"\">\u201cUn mistero di croce e di luce\u201d: quell\u2019inspiegabile e irriproducibile immagine corporea impressa sul telo \u00e8 la testimonianza della passione e della morte di Ges\u00f9, ma anche della sua risurrezione. Le parole pronunciate da papa Benedetto XVI restituiscono alla Sindone tutta la verit\u00e0 che la ricerca scientifica aveva cercato di ridimensionare. Nel 1988, infatti, con la datazione al carbonio l4, alcuni scienziati stabilirono che la Sindone risaliva all\u2019epoca medievale. Oggi, grazie a un lavoro multidisciplinare promosso dall\u2019universit\u00e0 di Padova e durato quindici anni, l\u2019\u00e9quipe guidata da Giulio Fanti dimostra che quella radiodatazione \u00e8 stata falsata da una contaminazione ambientale, e va anticipata proprio all\u2019epoca della morte di Ges\u00f9; che le tracce di polvere, polline e spore indirizzano verso la provenienza mediorientale; che il corpo raffigurato sul lino ha subito le violenze raccontate nei vangeli della Passione; e che l\u2019immagine \u00e8 stata prodotta dall\u2019eccezionale radiazione sviluppatasi al momento della risurrezione. Questo libro, scritto a quattro mani da Fanti e da Saverio Gaeta, \u00e8 il resoconto di una scoperta e la narrazione delle straordinarie vicende storiche della reliquia pi\u00f9 preziosa e venerata della cristianit\u00e0.\n<br>Rizzoli editore.<\/p> <a class=\"button color1\" href=\"https:\/\/www.rizzolilibri.it\/libri\/il-mistero-della-sindone\" target=\"_self\" data-cp-link=\"1\" data-icon=\"\" rel=\"noopener\">Rizzoli Bur<\/a><a class=\"button color1\" href=\"https:\/\/www.amazon.it\/Sindone-sorprendenti-scoperte-scientifiche-sullenigma\/dp\/8817065587\" target=\"_self\" data-cp-link=\"1\" data-icon=\"\" rel=\"noopener\">Amazon<\/a><\/div> <\/div><\/div> <\/div><div data-label=\"Content\" data-id=\"content--5\" data-export-id=\"content-8\" data-category=\"content\" class=\"content-8 content-section content-section-spacing\" id=\"content-5\" style=\"background-image: none\" data-section-ov=\"1\"><div class=\"gridContainer\"> <div class=\"row middle-sm\"><div class=\"col-sm-6 space-bottom-xs space-top-xs\" data-type=\"column\"> <a data-cp-link=\"1\" href=\"https:\/\/www.edizionisegno.it\/libro.asp?id=1293\" class=\"\" target=\"_self\" rel=\"noopener\"><img decoding=\"async\" class=\"shadow-large\" src=\"https:\/\/research.dii.unipd.it\/sindone\/wp-content\/uploads\/sites\/85\/2023\/07\/cropped-La-Sacra-Sindone-e1690143237809.jpg\" title=\"La Sacra Sindone\" alt=\"\"><\/a><\/div> <div class=\"col-sm-6\" data-type=\"column\"><h2 class=\"\">La Sacra SINDONE di Ges\u00f9 Cristo<\/h2> <p class=\"\">Dopo quasi vent\u2019anni di studi approfonditi sulla sacra sindone, l\u2019autore ha raggiunto una ragionevole certezza: la reliquia \u00e8 l\u2019unica \u201cfotografia\u201d che Ges\u00f9 Cristo ci ha voluto lasciare in suo ricordo, \u201cfotografia\u201d che riporta i segni della sua dolorosissima passione. Sar\u00e0 lo stesso Ges\u00f9 a confermare ad una mistica il valore della reliquia pi\u00f9 importante per la Chiesa. \u201cAuguro che la lettura del libro aiuti ad una meditazione profonda del mistero della passione e croce di Ges\u00f9\u201d (mons. Antonio Mattiazzo, Vescovo di Padova).\n<br>Edizioni Segno 2015.<\/p> <a class=\"button color1\" href=\"https:\/\/www.edizionisegno.it\/libro.asp?id=1293\" target=\"_self\" data-cp-link=\"1\" data-icon=\"\" rel=\"noopener\">Edizioni Segno<\/a><a class=\"button color1\" href=\"https:\/\/www.amazon.it\/sacra-Sindone-Ges%C3%B9-Cristo\/dp\/8861389139\/ref=sr_1_3?__mk_it_IT=%C3%85M%C3%85%C5%BD%C3%95%C3%91&amp;crid=3URQ0W48QP6O4&amp;keywords=sindone%2Bgiulio%2Bfanti&amp;qid=1690143068&amp;sprefix=sindone%2Bgiulio%2Bfanti%2Caps%2C99&amp;sr=8-3\" target=\"_self\" data-cp-link=\"1\" data-icon=\"\" rel=\"noopener\">Amazon<\/a><\/div> <\/div><\/div> <\/div>","protected":false},"excerpt":{"rendered":"<p>Sindone: primo secolo dopo Cristo! Dopo il test radiocarbonico del 1988, gli scienziati responsabili si fecero fotografare con la data medievale scritta alla lavagna e seguita da un punto esclamativo; ora, il punto esclamativo deve essere riferito a una data del I secolo dopo Cristo. Fra le novit\u00e0 pi\u00f9 interessanti risulta non solo che, in&hellip; <br \/> <a class=\"read-more\" href=\"https:\/\/research.dii.unipd.it\/sindone\/research-topics\/\">Leggi tutto<\/a><\/p>\n","protected":false},"author":1,"featured_media":0,"parent":0,"menu_order":0,"comment_status":"closed","ping_status":"closed","template":"pro\/page-templates\/full-width-page.php","meta":{"footnotes":""},"folder":[],"class_list":["post-215","page","type-page","status-publish","hentry"],"yoast_head":"<!-- This site is optimized with the Yoast SEO plugin v27.4 - https:\/\/yoast.com\/product\/yoast-seo-wordpress\/ -->\n<title>Pubblicazioni sulla S. Sindone - Sacra Sindone<\/title>\n<meta name=\"robots\" content=\"index, follow, max-snippet:-1, max-image-preview:large, max-video-preview:-1\" \/>\n<link rel=\"canonical\" href=\"https:\/\/research.dii.unipd.it\/sindone\/research-topics\/\" \/>\n<meta property=\"og:locale\" content=\"it_IT\" \/>\n<meta property=\"og:type\" content=\"article\" \/>\n<meta property=\"og:title\" content=\"Pubblicazioni sulla S. Sindone - Sacra Sindone\" \/>\n<meta property=\"og:description\" content=\"Sindone: primo secolo dopo Cristo! Dopo il test radiocarbonico del 1988, gli scienziati responsabili si fecero fotografare con la data medievale scritta alla lavagna e seguita da un punto esclamativo; ora, il punto esclamativo deve essere riferito a una data del I secolo dopo Cristo. Fra le novit\u00e0 pi\u00f9 interessanti risulta non solo che, in&hellip; Leggi tutto\" \/>\n<meta property=\"og:url\" content=\"https:\/\/research.dii.unipd.it\/sindone\/research-topics\/\" \/>\n<meta property=\"og:site_name\" content=\"Sacra Sindone\" \/>\n<meta property=\"article:modified_time\" content=\"2023-11-01T11:51:15+00:00\" \/>\n<meta property=\"og:image\" content=\"https:\/\/research.dii.unipd.it\/sindone\/wp-content\/uploads\/sites\/85\/2023\/07\/cropped-Sindone-primo-secolo.jpg\" \/>\n<meta name=\"twitter:card\" content=\"summary_large_image\" \/>\n<meta name=\"twitter:label1\" content=\"Tempo di lettura stimato\" \/>\n\t<meta name=\"twitter:data1\" content=\"1 minuto\" \/>\n<script type=\"application\/ld+json\" class=\"yoast-schema-graph\">{\"@context\":\"https:\\\/\\\/schema.org\",\"@graph\":[{\"@type\":\"WebPage\",\"@id\":\"https:\\\/\\\/research.dii.unipd.it\\\/sindone\\\/research-topics\\\/\",\"url\":\"https:\\\/\\\/research.dii.unipd.it\\\/sindone\\\/research-topics\\\/\",\"name\":\"Pubblicazioni sulla S. Sindone - Sacra Sindone\",\"isPartOf\":{\"@id\":\"https:\\\/\\\/research.dii.unipd.it\\\/sindone\\\/#website\"},\"primaryImageOfPage\":{\"@id\":\"https:\\\/\\\/research.dii.unipd.it\\\/sindone\\\/research-topics\\\/#primaryimage\"},\"image\":{\"@id\":\"https:\\\/\\\/research.dii.unipd.it\\\/sindone\\\/research-topics\\\/#primaryimage\"},\"thumbnailUrl\":\"https:\\\/\\\/research.dii.unipd.it\\\/sindone\\\/wp-content\\\/uploads\\\/sites\\\/85\\\/2023\\\/07\\\/cropped-Sindone-primo-secolo.jpg\",\"datePublished\":\"2018-03-23T08:59:38+00:00\",\"dateModified\":\"2023-11-01T11:51:15+00:00\",\"breadcrumb\":{\"@id\":\"https:\\\/\\\/research.dii.unipd.it\\\/sindone\\\/research-topics\\\/#breadcrumb\"},\"inLanguage\":\"it-IT\",\"potentialAction\":[{\"@type\":\"ReadAction\",\"target\":[\"https:\\\/\\\/research.dii.unipd.it\\\/sindone\\\/research-topics\\\/\"]}]},{\"@type\":\"ImageObject\",\"inLanguage\":\"it-IT\",\"@id\":\"https:\\\/\\\/research.dii.unipd.it\\\/sindone\\\/research-topics\\\/#primaryimage\",\"url\":\"https:\\\/\\\/research.dii.unipd.it\\\/sindone\\\/wp-content\\\/uploads\\\/sites\\\/85\\\/2023\\\/07\\\/cropped-Sindone-primo-secolo.jpg\",\"contentUrl\":\"https:\\\/\\\/research.dii.unipd.it\\\/sindone\\\/wp-content\\\/uploads\\\/sites\\\/85\\\/2023\\\/07\\\/cropped-Sindone-primo-secolo.jpg\",\"width\":186,\"height\":266},{\"@type\":\"BreadcrumbList\",\"@id\":\"https:\\\/\\\/research.dii.unipd.it\\\/sindone\\\/research-topics\\\/#breadcrumb\",\"itemListElement\":[{\"@type\":\"ListItem\",\"position\":1,\"name\":\"Home\",\"item\":\"https:\\\/\\\/research.dii.unipd.it\\\/sindone\\\/\"},{\"@type\":\"ListItem\",\"position\":2,\"name\":\"Pubblicazioni sulla S. Sindone\"}]},{\"@type\":\"WebSite\",\"@id\":\"https:\\\/\\\/research.dii.unipd.it\\\/sindone\\\/#website\",\"url\":\"https:\\\/\\\/research.dii.unipd.it\\\/sindone\\\/\",\"name\":\"Sacra Sindone\",\"description\":\"\",\"publisher\":{\"@id\":\"https:\\\/\\\/research.dii.unipd.it\\\/sindone\\\/#organization\"},\"potentialAction\":[{\"@type\":\"SearchAction\",\"target\":{\"@type\":\"EntryPoint\",\"urlTemplate\":\"https:\\\/\\\/research.dii.unipd.it\\\/sindone\\\/?s={search_term_string}\"},\"query-input\":{\"@type\":\"PropertyValueSpecification\",\"valueRequired\":true,\"valueName\":\"search_term_string\"}}],\"inLanguage\":\"it-IT\"},{\"@type\":\"Organization\",\"@id\":\"https:\\\/\\\/research.dii.unipd.it\\\/sindone\\\/#organization\",\"name\":\"Universit\u00e0 degli studi di Padova\",\"url\":\"https:\\\/\\\/research.dii.unipd.it\\\/sindone\\\/\",\"logo\":{\"@type\":\"ImageObject\",\"inLanguage\":\"it-IT\",\"@id\":\"https:\\\/\\\/research.dii.unipd.it\\\/sindone\\\/#\\\/schema\\\/logo\\\/image\\\/\",\"url\":\"https:\\\/\\\/research.dii.unipd.it\\\/sindone\\\/wp-content\\\/uploads\\\/sites\\\/85\\\/2023\\\/08\\\/cropped-Logo_HOME-2.jpg\",\"contentUrl\":\"https:\\\/\\\/research.dii.unipd.it\\\/sindone\\\/wp-content\\\/uploads\\\/sites\\\/85\\\/2023\\\/08\\\/cropped-Logo_HOME-2.jpg\",\"width\":1573,\"height\":603,\"caption\":\"Universit\u00e0 degli studi di Padova\"},\"image\":{\"@id\":\"https:\\\/\\\/research.dii.unipd.it\\\/sindone\\\/#\\\/schema\\\/logo\\\/image\\\/\"}}]}<\/script>\n<!-- \/ Yoast SEO plugin. -->","yoast_head_json":{"title":"Pubblicazioni sulla S. Sindone - Sacra Sindone","robots":{"index":"index","follow":"follow","max-snippet":"max-snippet:-1","max-image-preview":"max-image-preview:large","max-video-preview":"max-video-preview:-1"},"canonical":"https:\/\/research.dii.unipd.it\/sindone\/research-topics\/","og_locale":"it_IT","og_type":"article","og_title":"Pubblicazioni sulla S. Sindone - Sacra Sindone","og_description":"Sindone: primo secolo dopo Cristo! Dopo il test radiocarbonico del 1988, gli scienziati responsabili si fecero fotografare con la data medievale scritta alla lavagna e seguita da un punto esclamativo; ora, il punto esclamativo deve essere riferito a una data del I secolo dopo Cristo. Fra le novit\u00e0 pi\u00f9 interessanti risulta non solo che, in&hellip; Leggi tutto","og_url":"https:\/\/research.dii.unipd.it\/sindone\/research-topics\/","og_site_name":"Sacra Sindone","article_modified_time":"2023-11-01T11:51:15+00:00","og_image":[{"url":"https:\/\/research.dii.unipd.it\/sindone\/wp-content\/uploads\/sites\/85\/2023\/07\/cropped-Sindone-primo-secolo.jpg","type":"","width":"","height":""}],"twitter_card":"summary_large_image","twitter_misc":{"Tempo di lettura stimato":"1 minuto"},"schema":{"@context":"https:\/\/schema.org","@graph":[{"@type":"WebPage","@id":"https:\/\/research.dii.unipd.it\/sindone\/research-topics\/","url":"https:\/\/research.dii.unipd.it\/sindone\/research-topics\/","name":"Pubblicazioni sulla S. Sindone - Sacra Sindone","isPartOf":{"@id":"https:\/\/research.dii.unipd.it\/sindone\/#website"},"primaryImageOfPage":{"@id":"https:\/\/research.dii.unipd.it\/sindone\/research-topics\/#primaryimage"},"image":{"@id":"https:\/\/research.dii.unipd.it\/sindone\/research-topics\/#primaryimage"},"thumbnailUrl":"https:\/\/research.dii.unipd.it\/sindone\/wp-content\/uploads\/sites\/85\/2023\/07\/cropped-Sindone-primo-secolo.jpg","datePublished":"2018-03-23T08:59:38+00:00","dateModified":"2023-11-01T11:51:15+00:00","breadcrumb":{"@id":"https:\/\/research.dii.unipd.it\/sindone\/research-topics\/#breadcrumb"},"inLanguage":"it-IT","potentialAction":[{"@type":"ReadAction","target":["https:\/\/research.dii.unipd.it\/sindone\/research-topics\/"]}]},{"@type":"ImageObject","inLanguage":"it-IT","@id":"https:\/\/research.dii.unipd.it\/sindone\/research-topics\/#primaryimage","url":"https:\/\/research.dii.unipd.it\/sindone\/wp-content\/uploads\/sites\/85\/2023\/07\/cropped-Sindone-primo-secolo.jpg","contentUrl":"https:\/\/research.dii.unipd.it\/sindone\/wp-content\/uploads\/sites\/85\/2023\/07\/cropped-Sindone-primo-secolo.jpg","width":186,"height":266},{"@type":"BreadcrumbList","@id":"https:\/\/research.dii.unipd.it\/sindone\/research-topics\/#breadcrumb","itemListElement":[{"@type":"ListItem","position":1,"name":"Home","item":"https:\/\/research.dii.unipd.it\/sindone\/"},{"@type":"ListItem","position":2,"name":"Pubblicazioni sulla S. Sindone"}]},{"@type":"WebSite","@id":"https:\/\/research.dii.unipd.it\/sindone\/#website","url":"https:\/\/research.dii.unipd.it\/sindone\/","name":"Sacra Sindone","description":"","publisher":{"@id":"https:\/\/research.dii.unipd.it\/sindone\/#organization"},"potentialAction":[{"@type":"SearchAction","target":{"@type":"EntryPoint","urlTemplate":"https:\/\/research.dii.unipd.it\/sindone\/?s={search_term_string}"},"query-input":{"@type":"PropertyValueSpecification","valueRequired":true,"valueName":"search_term_string"}}],"inLanguage":"it-IT"},{"@type":"Organization","@id":"https:\/\/research.dii.unipd.it\/sindone\/#organization","name":"Universit\u00e0 degli studi di Padova","url":"https:\/\/research.dii.unipd.it\/sindone\/","logo":{"@type":"ImageObject","inLanguage":"it-IT","@id":"https:\/\/research.dii.unipd.it\/sindone\/#\/schema\/logo\/image\/","url":"https:\/\/research.dii.unipd.it\/sindone\/wp-content\/uploads\/sites\/85\/2023\/08\/cropped-Logo_HOME-2.jpg","contentUrl":"https:\/\/research.dii.unipd.it\/sindone\/wp-content\/uploads\/sites\/85\/2023\/08\/cropped-Logo_HOME-2.jpg","width":1573,"height":603,"caption":"Universit\u00e0 degli studi di Padova"},"image":{"@id":"https:\/\/research.dii.unipd.it\/sindone\/#\/schema\/logo\/image\/"}}]}},"_links":{"self":[{"href":"https:\/\/research.dii.unipd.it\/sindone\/wp-json\/wp\/v2\/pages\/215","targetHints":{"allow":["GET"]}}],"collection":[{"href":"https:\/\/research.dii.unipd.it\/sindone\/wp-json\/wp\/v2\/pages"}],"about":[{"href":"https:\/\/research.dii.unipd.it\/sindone\/wp-json\/wp\/v2\/types\/page"}],"author":[{"embeddable":true,"href":"https:\/\/research.dii.unipd.it\/sindone\/wp-json\/wp\/v2\/users\/1"}],"replies":[{"embeddable":true,"href":"https:\/\/research.dii.unipd.it\/sindone\/wp-json\/wp\/v2\/comments?post=215"}],"version-history":[{"count":19,"href":"https:\/\/research.dii.unipd.it\/sindone\/wp-json\/wp\/v2\/pages\/215\/revisions"}],"predecessor-version":[{"id":667,"href":"https:\/\/research.dii.unipd.it\/sindone\/wp-json\/wp\/v2\/pages\/215\/revisions\/667"}],"wp:attachment":[{"href":"https:\/\/research.dii.unipd.it\/sindone\/wp-json\/wp\/v2\/media?parent=215"}],"wp:term":[{"taxonomy":"folder","embeddable":true,"href":"https:\/\/research.dii.unipd.it\/sindone\/wp-json\/wp\/v2\/folder?post=215"}],"curies":[{"name":"wp","href":"https:\/\/api.w.org\/{rel}","templated":true}]}}