{"id":405,"date":"2021-05-06T18:53:46","date_gmt":"2021-05-06T16:53:46","guid":{"rendered":"https:\/\/research.dii.unipd.it\/diinforma\/?page_id=405"},"modified":"2024-11-21T08:28:32","modified_gmt":"2024-11-21T07:28:32","slug":"annate","status":"publish","type":"page","link":"https:\/\/research.dii.unipd.it\/diinforma\/annate\/","title":{"rendered":"Annate"},"content":{"rendered":"<div id=\"pl-405\"  class=\"panel-layout\" ><div id=\"pg-405-0\"  class=\"panel-grid panel-no-style\" ><div id=\"pgc-405-0-0\"  class=\"panel-grid-cell\" ><div id=\"panel-405-0-0-0\" class=\"so-panel widget widget_sow-editor panel-first-child panel-last-child\" data-index=\"0\" ><div\n\t\t\t\n\t\t\tclass=\"so-widget-sow-editor so-widget-sow-editor-base\"\n\t\t\t\n\t\t><h3 class=\"widget-title\">Le raccolte annuali di DIInforma<\/h3>\n<div class=\"siteorigin-widget-tinymce textwidget\">\n\t<p>DIINFORMA \u00e8 una pubblicazione a periodicit\u00e0 quadrimestrale. Cliccando sulle icone sottostanti si pu\u00f2 accedere alla raccolte annuali della rivista, scaricabili in formato pdf.<\/p>\n<\/div>\n<\/div><\/div><\/div><\/div><div id=\"pg-405-1\"  class=\"panel-grid panel-no-style\" ><div id=\"pgc-405-1-0\"  class=\"panel-grid-cell\" ><div id=\"panel-405-1-0-0\" class=\"so-panel widget widget_sow-image panel-first-child panel-last-child\" data-index=\"1\" ><div\n\t\t\t\n\t\t\tclass=\"so-widget-sow-image so-widget-sow-image-default-c67d20f9f743-405\"\n\t\t\t\n\t\t>\n<div class=\"sow-image-container\">\n\t\t\t<a href=\"https:\/\/research.dii.unipd.it\/diinforma\/diinforma-2015\/\"\n\t\t\t\t\t>\n\t\t\t<img \n\tsrc=\"https:\/\/research.dii.unipd.it\/diinforma\/wp-content\/uploads\/sites\/41\/2021\/05\/2015_trasp.png\" width=\"512\" height=\"512\" srcset=\"https:\/\/research.dii.unipd.it\/diinforma\/wp-content\/uploads\/sites\/41\/2021\/05\/2015_trasp.png 512w, https:\/\/research.dii.unipd.it\/diinforma\/wp-content\/uploads\/sites\/41\/2021\/05\/2015_trasp-300x300.png 300w, https:\/\/research.dii.unipd.it\/diinforma\/wp-content\/uploads\/sites\/41\/2021\/05\/2015_trasp-150x150.png 150w\" sizes=\"(max-width: 512px) 100vw, 512px\" alt=\"\" \t\tclass=\"so-widget-image\"\/>\n\t\t\t<\/a><\/div>\n\n<\/div><\/div><\/div><div id=\"pgc-405-1-1\"  class=\"panel-grid-cell\" ><div id=\"panel-405-1-1-0\" class=\"so-panel widget widget_sow-image panel-first-child panel-last-child\" data-index=\"2\" ><div\n\t\t\t\n\t\t\tclass=\"so-widget-sow-image so-widget-sow-image-default-c67d20f9f743-405\"\n\t\t\t\n\t\t>\n<div class=\"sow-image-container\">\n\t\t\t<a href=\"https:\/\/research.dii.unipd.it\/diinforma\/diinforma-2016\/\"\n\t\t\t\t\t>\n\t\t\t<img \n\tsrc=\"https:\/\/research.dii.unipd.it\/diinforma\/wp-content\/uploads\/sites\/41\/2021\/05\/2016_trasp.png\" width=\"512\" height=\"512\" srcset=\"https:\/\/research.dii.unipd.it\/diinforma\/wp-content\/uploads\/sites\/41\/2021\/05\/2016_trasp.png 512w, https:\/\/research.dii.unipd.it\/diinforma\/wp-content\/uploads\/sites\/41\/2021\/05\/2016_trasp-300x300.png 300w, https:\/\/research.dii.unipd.it\/diinforma\/wp-content\/uploads\/sites\/41\/2021\/05\/2016_trasp-150x150.png 150w\" sizes=\"(max-width: 512px) 100vw, 512px\" alt=\"\" \t\tclass=\"so-widget-image\"\/>\n\t\t\t<\/a><\/div>\n\n<\/div><\/div><\/div><div id=\"pgc-405-1-2\"  class=\"panel-grid-cell\" ><div id=\"panel-405-1-2-0\" class=\"so-panel widget widget_sow-image panel-first-child panel-last-child\" data-index=\"3\" ><div\n\t\t\t\n\t\t\tclass=\"so-widget-sow-image so-widget-sow-image-default-c67d20f9f743-405\"\n\t\t\t\n\t\t>\n<div class=\"sow-image-container\">\n\t\t\t<a href=\"https:\/\/research.dii.unipd.it\/diinforma\/diinforma-2017\/\"\n\t\t\t\t\t>\n\t\t\t<img \n\tsrc=\"https:\/\/research.dii.unipd.it\/diinforma\/wp-content\/uploads\/sites\/41\/2021\/05\/2017_trasp.png\" width=\"512\" height=\"512\" srcset=\"https:\/\/research.dii.unipd.it\/diinforma\/wp-content\/uploads\/sites\/41\/2021\/05\/2017_trasp.png 512w, https:\/\/research.dii.unipd.it\/diinforma\/wp-content\/uploads\/sites\/41\/2021\/05\/2017_trasp-300x300.png 300w, https:\/\/research.dii.unipd.it\/diinforma\/wp-content\/uploads\/sites\/41\/2021\/05\/2017_trasp-150x150.png 150w\" sizes=\"(max-width: 512px) 100vw, 512px\" alt=\"\" \t\tclass=\"so-widget-image\"\/>\n\t\t\t<\/a><\/div>\n\n<\/div><\/div><\/div><div id=\"pgc-405-1-3\"  class=\"panel-grid-cell\" ><div id=\"panel-405-1-3-0\" class=\"so-panel widget widget_sow-image panel-first-child panel-last-child\" data-index=\"4\" ><div\n\t\t\t\n\t\t\tclass=\"so-widget-sow-image so-widget-sow-image-default-c67d20f9f743-405\"\n\t\t\t\n\t\t>\n<div class=\"sow-image-container\">\n\t\t\t<a href=\"https:\/\/research.dii.unipd.it\/diinforma\/diinforma-2018\/\"\n\t\t\t\t\t>\n\t\t\t<img \n\tsrc=\"https:\/\/research.dii.unipd.it\/diinforma\/wp-content\/uploads\/sites\/41\/2021\/05\/2018_trasp.png\" width=\"512\" height=\"512\" srcset=\"https:\/\/research.dii.unipd.it\/diinforma\/wp-content\/uploads\/sites\/41\/2021\/05\/2018_trasp.png 512w, https:\/\/research.dii.unipd.it\/diinforma\/wp-content\/uploads\/sites\/41\/2021\/05\/2018_trasp-300x300.png 300w, https:\/\/research.dii.unipd.it\/diinforma\/wp-content\/uploads\/sites\/41\/2021\/05\/2018_trasp-150x150.png 150w\" sizes=\"(max-width: 512px) 100vw, 512px\" alt=\"\" \t\tclass=\"so-widget-image\"\/>\n\t\t\t<\/a><\/div>\n\n<\/div><\/div><\/div><div id=\"pgc-405-1-4\"  class=\"panel-grid-cell\" ><div id=\"panel-405-1-4-0\" class=\"so-panel widget widget_sow-image panel-first-child panel-last-child\" data-index=\"5\" ><div\n\t\t\t\n\t\t\tclass=\"so-widget-sow-image so-widget-sow-image-default-c67d20f9f743-405\"\n\t\t\t\n\t\t>\n<div class=\"sow-image-container\">\n\t\t\t<a href=\"https:\/\/research.dii.unipd.it\/diinforma\/diinforma-2019\/\"\n\t\t\t\t\t>\n\t\t\t<img \n\tsrc=\"https:\/\/research.dii.unipd.it\/diinforma\/wp-content\/uploads\/sites\/41\/2021\/05\/2019_trasp.png\" width=\"512\" height=\"512\" srcset=\"https:\/\/research.dii.unipd.it\/diinforma\/wp-content\/uploads\/sites\/41\/2021\/05\/2019_trasp.png 512w, https:\/\/research.dii.unipd.it\/diinforma\/wp-content\/uploads\/sites\/41\/2021\/05\/2019_trasp-300x300.png 300w, https:\/\/research.dii.unipd.it\/diinforma\/wp-content\/uploads\/sites\/41\/2021\/05\/2019_trasp-150x150.png 150w\" sizes=\"(max-width: 512px) 100vw, 512px\" alt=\"\" \t\tclass=\"so-widget-image\"\/>\n\t\t\t<\/a><\/div>\n\n<\/div><\/div><\/div><\/div><div id=\"pg-405-2\"  class=\"panel-grid panel-no-style\" ><div id=\"pgc-405-2-0\"  class=\"panel-grid-cell\" ><div id=\"panel-405-2-0-0\" class=\"so-panel widget widget_sow-image panel-first-child panel-last-child\" data-index=\"6\" ><div\n\t\t\t\n\t\t\tclass=\"so-widget-sow-image so-widget-sow-image-default-c67d20f9f743-405\"\n\t\t\t\n\t\t>\n<div class=\"sow-image-container\">\n\t\t\t<a href=\"https:\/\/research.dii.unipd.it\/diinforma\/diinforma-2020\/\"\n\t\t\t\t\t>\n\t\t\t<img \n\tsrc=\"https:\/\/research.dii.unipd.it\/diinforma\/wp-content\/uploads\/sites\/41\/2021\/05\/2020_trasp.png\" width=\"512\" height=\"512\" srcset=\"https:\/\/research.dii.unipd.it\/diinforma\/wp-content\/uploads\/sites\/41\/2021\/05\/2020_trasp.png 512w, https:\/\/research.dii.unipd.it\/diinforma\/wp-content\/uploads\/sites\/41\/2021\/05\/2020_trasp-300x300.png 300w, https:\/\/research.dii.unipd.it\/diinforma\/wp-content\/uploads\/sites\/41\/2021\/05\/2020_trasp-150x150.png 150w\" sizes=\"(max-width: 512px) 100vw, 512px\" alt=\"\" \t\tclass=\"so-widget-image\"\/>\n\t\t\t<\/a><\/div>\n\n<\/div><\/div><\/div><div id=\"pgc-405-2-1\"  class=\"panel-grid-cell\" ><div id=\"panel-405-2-1-0\" class=\"so-panel widget widget_sow-image panel-first-child panel-last-child\" data-index=\"7\" ><div\n\t\t\t\n\t\t\tclass=\"so-widget-sow-image so-widget-sow-image-default-c67d20f9f743-405\"\n\t\t\t\n\t\t>\n<div class=\"sow-image-container\">\n\t\t\t<a href=\"https:\/\/research.dii.unipd.it\/diinforma\/diinforma-2021\/\"\n\t\t\t\t\t>\n\t\t\t<img \n\tsrc=\"https:\/\/research.dii.unipd.it\/diinforma\/wp-content\/uploads\/sites\/41\/2021\/05\/2021_trasp-1.png\" width=\"512\" height=\"512\" srcset=\"https:\/\/research.dii.unipd.it\/diinforma\/wp-content\/uploads\/sites\/41\/2021\/05\/2021_trasp-1.png 512w, https:\/\/research.dii.unipd.it\/diinforma\/wp-content\/uploads\/sites\/41\/2021\/05\/2021_trasp-1-300x300.png 300w, https:\/\/research.dii.unipd.it\/diinforma\/wp-content\/uploads\/sites\/41\/2021\/05\/2021_trasp-1-150x150.png 150w\" sizes=\"(max-width: 512px) 100vw, 512px\" title=\"2021_trasp\" alt=\"\" \t\tclass=\"so-widget-image\"\/>\n\t\t\t<\/a><\/div>\n\n<\/div><\/div><\/div><div id=\"pgc-405-2-2\"  class=\"panel-grid-cell\" ><div id=\"panel-405-2-2-0\" class=\"so-panel widget widget_sow-image panel-first-child panel-last-child\" data-index=\"8\" ><div\n\t\t\t\n\t\t\tclass=\"so-widget-sow-image so-widget-sow-image-default-c67d20f9f743-405\"\n\t\t\t\n\t\t>\n<div class=\"sow-image-container\">\n\t\t\t<a href=\"https:\/\/research.dii.unipd.it\/diinforma\/diinforma-2022\/\"\n\t\t\t\t\t>\n\t\t\t<img \n\tsrc=\"https:\/\/research.dii.unipd.it\/diinforma\/wp-content\/uploads\/sites\/41\/2022\/05\/2022_trasp.png\" width=\"512\" height=\"512\" srcset=\"https:\/\/research.dii.unipd.it\/diinforma\/wp-content\/uploads\/sites\/41\/2022\/05\/2022_trasp.png 512w, https:\/\/research.dii.unipd.it\/diinforma\/wp-content\/uploads\/sites\/41\/2022\/05\/2022_trasp-300x300.png 300w, https:\/\/research.dii.unipd.it\/diinforma\/wp-content\/uploads\/sites\/41\/2022\/05\/2022_trasp-150x150.png 150w\" sizes=\"(max-width: 512px) 100vw, 512px\" alt=\"\" \t\tclass=\"so-widget-image\"\/>\n\t\t\t<\/a><\/div>\n\n<\/div><\/div><\/div><div id=\"pgc-405-2-3\"  class=\"panel-grid-cell\" ><div id=\"panel-405-2-3-0\" class=\"so-panel widget widget_sow-image panel-first-child panel-last-child\" data-index=\"9\" ><div\n\t\t\t\n\t\t\tclass=\"so-widget-sow-image so-widget-sow-image-default-c67d20f9f743-405\"\n\t\t\t\n\t\t>\n<div class=\"sow-image-container\">\n\t\t\t<a href=\"https:\/\/research.dii.unipd.it\/diinforma\/diinforma-2023\/\"\n\t\t\t\t\t>\n\t\t\t<img \n\tsrc=\"https:\/\/research.dii.unipd.it\/diinforma\/wp-content\/uploads\/sites\/41\/2024\/11\/2023.png\" width=\"512\" height=\"512\" srcset=\"https:\/\/research.dii.unipd.it\/diinforma\/wp-content\/uploads\/sites\/41\/2024\/11\/2023.png 512w, https:\/\/research.dii.unipd.it\/diinforma\/wp-content\/uploads\/sites\/41\/2024\/11\/2023-300x300.png 300w, https:\/\/research.dii.unipd.it\/diinforma\/wp-content\/uploads\/sites\/41\/2024\/11\/2023-150x150.png 150w\" sizes=\"(max-width: 512px) 100vw, 512px\" alt=\"\" \t\tclass=\"so-widget-image\"\/>\n\t\t\t<\/a><\/div>\n\n<\/div><\/div><\/div><div id=\"pgc-405-2-4\"  class=\"panel-grid-cell\" ><div id=\"panel-405-2-4-0\" class=\"so-panel widget widget_sow-image panel-first-child panel-last-child\" data-index=\"10\" ><div\n\t\t\t\n\t\t\tclass=\"so-widget-sow-image so-widget-sow-image-default-c67d20f9f743-405\"\n\t\t\t\n\t\t>\n<div class=\"sow-image-container\">\n\t\t\t<a href=\"https:\/\/research.dii.unipd.it\/diinforma\/diinforma-2024\/\"\n\t\t\t\t\t>\n\t\t\t<img \n\tsrc=\"https:\/\/research.dii.unipd.it\/diinforma\/wp-content\/uploads\/sites\/41\/2024\/07\/Anni-DIINFORMA.png\" width=\"512\" height=\"512\" srcset=\"https:\/\/research.dii.unipd.it\/diinforma\/wp-content\/uploads\/sites\/41\/2024\/07\/Anni-DIINFORMA.png 512w, https:\/\/research.dii.unipd.it\/diinforma\/wp-content\/uploads\/sites\/41\/2024\/07\/Anni-DIINFORMA-300x300.png 300w, https:\/\/research.dii.unipd.it\/diinforma\/wp-content\/uploads\/sites\/41\/2024\/07\/Anni-DIINFORMA-150x150.png 150w\" sizes=\"(max-width: 512px) 100vw, 512px\" title=\"Anni DIINFORMA\" alt=\"\" \t\tclass=\"so-widget-image\"\/>\n\t\t\t<\/a><\/div>\n\n<\/div><\/div><\/div><\/div><\/div>","protected":false},"excerpt":{"rendered":"<p>DIINFORMA \u00e8 una pubblicazione a periodicit\u00e0 quadrimestrale. Cliccando sulle icone sottostanti si pu\u00f2 accedere alla raccolte annuali della rivista, scaricabili in formato pdf.<\/p>\n","protected":false},"author":1,"featured_media":0,"parent":0,"menu_order":0,"comment_status":"closed","ping_status":"closed","template":"","meta":{"footnotes":""},"folder":[],"class_list":["post-405","page","type-page","status-publish","hentry"],"yoast_head":"<!-- This site is optimized with the Yoast SEO plugin v27.4 - https:\/\/yoast.com\/product\/yoast-seo-wordpress\/ -->\n<title>Annate - DIINFORMA<\/title>\n<meta name=\"robots\" content=\"index, follow, max-snippet:-1, max-image-preview:large, max-video-preview:-1\" \/>\n<link rel=\"canonical\" href=\"https:\/\/research.dii.unipd.it\/diinforma\/annate\/\" \/>\n<meta property=\"og:locale\" content=\"it_IT\" \/>\n<meta property=\"og:type\" content=\"article\" \/>\n<meta property=\"og:title\" content=\"Annate - DIINFORMA\" \/>\n<meta property=\"og:description\" content=\"DIINFORMA \u00e8 una pubblicazione a periodicit\u00e0 quadrimestrale. Cliccando sulle icone sottostanti si pu\u00f2 accedere alla raccolte annuali della rivista, scaricabili in formato pdf.\" \/>\n<meta property=\"og:url\" content=\"https:\/\/research.dii.unipd.it\/diinforma\/annate\/\" \/>\n<meta property=\"og:site_name\" content=\"DIINFORMA\" \/>\n<meta property=\"article:modified_time\" content=\"2024-11-21T07:28:32+00:00\" \/>\n<meta name=\"twitter:card\" content=\"summary_large_image\" \/>\n<meta name=\"twitter:label1\" content=\"Tempo di lettura stimato\" \/>\n\t<meta name=\"twitter:data1\" content=\"3 minuti\" \/>\n<script type=\"application\/ld+json\" class=\"yoast-schema-graph\">{\"@context\":\"https:\\\/\\\/schema.org\",\"@graph\":[{\"@type\":\"WebPage\",\"@id\":\"https:\\\/\\\/research.dii.unipd.it\\\/diinforma\\\/annate\\\/\",\"url\":\"https:\\\/\\\/research.dii.unipd.it\\\/diinforma\\\/annate\\\/\",\"name\":\"Annate - DIINFORMA\",\"isPartOf\":{\"@id\":\"https:\\\/\\\/research.dii.unipd.it\\\/diinforma\\\/#website\"},\"datePublished\":\"2021-05-06T16:53:46+00:00\",\"dateModified\":\"2024-11-21T07:28:32+00:00\",\"breadcrumb\":{\"@id\":\"https:\\\/\\\/research.dii.unipd.it\\\/diinforma\\\/annate\\\/#breadcrumb\"},\"inLanguage\":\"it-IT\",\"potentialAction\":[{\"@type\":\"ReadAction\",\"target\":[\"https:\\\/\\\/research.dii.unipd.it\\\/diinforma\\\/annate\\\/\"]}]},{\"@type\":\"BreadcrumbList\",\"@id\":\"https:\\\/\\\/research.dii.unipd.it\\\/diinforma\\\/annate\\\/#breadcrumb\",\"itemListElement\":[{\"@type\":\"ListItem\",\"position\":1,\"name\":\"Home\",\"item\":\"https:\\\/\\\/research.dii.unipd.it\\\/diinforma\\\/\"},{\"@type\":\"ListItem\",\"position\":2,\"name\":\"Annate\"}]},{\"@type\":\"WebSite\",\"@id\":\"https:\\\/\\\/research.dii.unipd.it\\\/diinforma\\\/#website\",\"url\":\"https:\\\/\\\/research.dii.unipd.it\\\/diinforma\\\/\",\"name\":\"DIINFORMA\",\"description\":\"La rivista del DII\",\"publisher\":{\"@id\":\"https:\\\/\\\/research.dii.unipd.it\\\/diinforma\\\/#organization\"},\"potentialAction\":[{\"@type\":\"SearchAction\",\"target\":{\"@type\":\"EntryPoint\",\"urlTemplate\":\"https:\\\/\\\/research.dii.unipd.it\\\/diinforma\\\/?s={search_term_string}\"},\"query-input\":{\"@type\":\"PropertyValueSpecification\",\"valueRequired\":true,\"valueName\":\"search_term_string\"}}],\"inLanguage\":\"it-IT\"},{\"@type\":\"Organization\",\"@id\":\"https:\\\/\\\/research.dii.unipd.it\\\/diinforma\\\/#organization\",\"name\":\"DIINFORMA\",\"url\":\"https:\\\/\\\/research.dii.unipd.it\\\/diinforma\\\/\",\"logo\":{\"@type\":\"ImageObject\",\"inLanguage\":\"it-IT\",\"@id\":\"https:\\\/\\\/research.dii.unipd.it\\\/diinforma\\\/#\\\/schema\\\/logo\\\/image\\\/\",\"url\":\"https:\\\/\\\/research.dii.unipd.it\\\/diinforma\\\/wp-content\\\/uploads\\\/sites\\\/41\\\/2021\\\/05\\\/Logo-DIINFORMA.png\",\"contentUrl\":\"https:\\\/\\\/research.dii.unipd.it\\\/diinforma\\\/wp-content\\\/uploads\\\/sites\\\/41\\\/2021\\\/05\\\/Logo-DIINFORMA.png\",\"width\":1177,\"height\":288,\"caption\":\"DIINFORMA\"},\"image\":{\"@id\":\"https:\\\/\\\/research.dii.unipd.it\\\/diinforma\\\/#\\\/schema\\\/logo\\\/image\\\/\"}}]}<\/script>\n<!-- \/ Yoast SEO plugin. -->","yoast_head_json":{"title":"Annate - DIINFORMA","robots":{"index":"index","follow":"follow","max-snippet":"max-snippet:-1","max-image-preview":"max-image-preview:large","max-video-preview":"max-video-preview:-1"},"canonical":"https:\/\/research.dii.unipd.it\/diinforma\/annate\/","og_locale":"it_IT","og_type":"article","og_title":"Annate - DIINFORMA","og_description":"DIINFORMA \u00e8 una pubblicazione a periodicit\u00e0 quadrimestrale. Cliccando sulle icone sottostanti si pu\u00f2 accedere alla raccolte annuali della rivista, scaricabili in formato pdf.","og_url":"https:\/\/research.dii.unipd.it\/diinforma\/annate\/","og_site_name":"DIINFORMA","article_modified_time":"2024-11-21T07:28:32+00:00","twitter_card":"summary_large_image","twitter_misc":{"Tempo di lettura stimato":"3 minuti"},"schema":{"@context":"https:\/\/schema.org","@graph":[{"@type":"WebPage","@id":"https:\/\/research.dii.unipd.it\/diinforma\/annate\/","url":"https:\/\/research.dii.unipd.it\/diinforma\/annate\/","name":"Annate - DIINFORMA","isPartOf":{"@id":"https:\/\/research.dii.unipd.it\/diinforma\/#website"},"datePublished":"2021-05-06T16:53:46+00:00","dateModified":"2024-11-21T07:28:32+00:00","breadcrumb":{"@id":"https:\/\/research.dii.unipd.it\/diinforma\/annate\/#breadcrumb"},"inLanguage":"it-IT","potentialAction":[{"@type":"ReadAction","target":["https:\/\/research.dii.unipd.it\/diinforma\/annate\/"]}]},{"@type":"BreadcrumbList","@id":"https:\/\/research.dii.unipd.it\/diinforma\/annate\/#breadcrumb","itemListElement":[{"@type":"ListItem","position":1,"name":"Home","item":"https:\/\/research.dii.unipd.it\/diinforma\/"},{"@type":"ListItem","position":2,"name":"Annate"}]},{"@type":"WebSite","@id":"https:\/\/research.dii.unipd.it\/diinforma\/#website","url":"https:\/\/research.dii.unipd.it\/diinforma\/","name":"DIINFORMA","description":"La rivista del DII","publisher":{"@id":"https:\/\/research.dii.unipd.it\/diinforma\/#organization"},"potentialAction":[{"@type":"SearchAction","target":{"@type":"EntryPoint","urlTemplate":"https:\/\/research.dii.unipd.it\/diinforma\/?s={search_term_string}"},"query-input":{"@type":"PropertyValueSpecification","valueRequired":true,"valueName":"search_term_string"}}],"inLanguage":"it-IT"},{"@type":"Organization","@id":"https:\/\/research.dii.unipd.it\/diinforma\/#organization","name":"DIINFORMA","url":"https:\/\/research.dii.unipd.it\/diinforma\/","logo":{"@type":"ImageObject","inLanguage":"it-IT","@id":"https:\/\/research.dii.unipd.it\/diinforma\/#\/schema\/logo\/image\/","url":"https:\/\/research.dii.unipd.it\/diinforma\/wp-content\/uploads\/sites\/41\/2021\/05\/Logo-DIINFORMA.png","contentUrl":"https:\/\/research.dii.unipd.it\/diinforma\/wp-content\/uploads\/sites\/41\/2021\/05\/Logo-DIINFORMA.png","width":1177,"height":288,"caption":"DIINFORMA"},"image":{"@id":"https:\/\/research.dii.unipd.it\/diinforma\/#\/schema\/logo\/image\/"}}]}},"_links":{"self":[{"href":"https:\/\/research.dii.unipd.it\/diinforma\/wp-json\/wp\/v2\/pages\/405","targetHints":{"allow":["GET"]}}],"collection":[{"href":"https:\/\/research.dii.unipd.it\/diinforma\/wp-json\/wp\/v2\/pages"}],"about":[{"href":"https:\/\/research.dii.unipd.it\/diinforma\/wp-json\/wp\/v2\/types\/page"}],"author":[{"embeddable":true,"href":"https:\/\/research.dii.unipd.it\/diinforma\/wp-json\/wp\/v2\/users\/1"}],"replies":[{"embeddable":true,"href":"https:\/\/research.dii.unipd.it\/diinforma\/wp-json\/wp\/v2\/comments?post=405"}],"version-history":[{"count":14,"href":"https:\/\/research.dii.unipd.it\/diinforma\/wp-json\/wp\/v2\/pages\/405\/revisions"}],"predecessor-version":[{"id":1317,"href":"https:\/\/research.dii.unipd.it\/diinforma\/wp-json\/wp\/v2\/pages\/405\/revisions\/1317"}],"wp:attachment":[{"href":"https:\/\/research.dii.unipd.it\/diinforma\/wp-json\/wp\/v2\/media?parent=405"}],"wp:term":[{"taxonomy":"folder","embeddable":true,"href":"https:\/\/research.dii.unipd.it\/diinforma\/wp-json\/wp\/v2\/folder?post=405"}],"curies":[{"name":"wp","href":"https:\/\/api.w.org\/{rel}","templated":true}]}}