{"id":219,"date":"2018-03-23T10:00:35","date_gmt":"2018-03-23T09:00:35","guid":{"rendered":"http:\/\/templategdr.dii.unipd.it\/?page_id=219"},"modified":"2022-12-22T14:39:16","modified_gmt":"2022-12-22T13:39:16","slug":"partnership","status":"publish","type":"page","link":"https:\/\/research.dii.unipd.it\/analisirischio\/partnership\/","title":{"rendered":"Partnership"},"content":{"rendered":"<p>Academic collaborations:<\/p>\n<ul>\n<li>Politecnico di Milano (Italy)<\/li>\n<li>Polytechnique Montr\u00e9al (Canada)<\/li>\n<li>Technical University of Munich (Germany)<\/li>\n<li>Universit\u00e0 degli Studi di Bologna (Italy)<\/li>\n<li>Universit\u00e0 degli Studi di Milano (Italy)<\/li>\n<li>Universit\u00e0 Politecnica delle Marche (Italy)<\/li>\n<li>Universit\u00e0 degli Studi di Messina (Italy)<\/li>\n<li>Universit\u00e9 de Sherbrooke (Canada)<\/li>\n<\/ul>\n","protected":false},"excerpt":{"rendered":"<p>Academic collaborations: Politecnico di Milano (Italy) Polytechnique Montr\u00e9al (Canada) Technical University of Munich (Germany) Universit\u00e0 degli Studi di Bologna (Italy) Universit\u00e0 degli Studi di Milano (Italy) Universit\u00e0 Politecnica delle Marche (Italy) Universit\u00e0 degli Studi di Messina (Italy) Universit\u00e9 de Sherbrooke (Canada)<\/p>\n","protected":false},"author":1,"featured_media":0,"parent":0,"menu_order":0,"comment_status":"closed","ping_status":"closed","template":"","meta":{"footnotes":""},"folder":[],"class_list":["post-219","page","type-page","status-publish","hentry"],"yoast_head":"<!-- This site is optimized with the Yoast SEO plugin v27.3 - https:\/\/yoast.com\/product\/yoast-seo-wordpress\/ -->\n<title>Partnership - ANALISIRISCHIO<\/title>\n<meta name=\"robots\" content=\"index, follow, max-snippet:-1, max-image-preview:large, max-video-preview:-1\" \/>\n<link rel=\"canonical\" href=\"https:\/\/research.dii.unipd.it\/analisirischio\/partnership\/\" \/>\n<meta property=\"og:locale\" content=\"it_IT\" \/>\n<meta property=\"og:type\" content=\"article\" \/>\n<meta property=\"og:title\" content=\"Partnership - ANALISIRISCHIO\" \/>\n<meta property=\"og:description\" content=\"Academic collaborations: Politecnico di Milano (Italy) Polytechnique Montr\u00e9al (Canada) Technical University of Munich (Germany) Universit\u00e0 degli Studi di Bologna (Italy) Universit\u00e0 degli Studi di Milano (Italy) Universit\u00e0 Politecnica delle Marche (Italy) Universit\u00e0 degli Studi di Messina (Italy) Universit\u00e9 de Sherbrooke (Canada)\" \/>\n<meta property=\"og:url\" content=\"https:\/\/research.dii.unipd.it\/analisirischio\/partnership\/\" \/>\n<meta property=\"og:site_name\" content=\"ANALISIRISCHIO\" \/>\n<meta property=\"article:modified_time\" content=\"2022-12-22T13:39:16+00:00\" \/>\n<meta name=\"twitter:card\" content=\"summary_large_image\" \/>\n<script type=\"application\/ld+json\" class=\"yoast-schema-graph\">{\"@context\":\"https:\\\/\\\/schema.org\",\"@graph\":[{\"@type\":\"WebPage\",\"@id\":\"https:\\\/\\\/research.dii.unipd.it\\\/analisirischio\\\/partnership\\\/\",\"url\":\"https:\\\/\\\/research.dii.unipd.it\\\/analisirischio\\\/partnership\\\/\",\"name\":\"Partnership - ANALISIRISCHIO\",\"isPartOf\":{\"@id\":\"https:\\\/\\\/research.dii.unipd.it\\\/analisirischio\\\/#website\"},\"datePublished\":\"2018-03-23T09:00:35+00:00\",\"dateModified\":\"2022-12-22T13:39:16+00:00\",\"breadcrumb\":{\"@id\":\"https:\\\/\\\/research.dii.unipd.it\\\/analisirischio\\\/partnership\\\/#breadcrumb\"},\"inLanguage\":\"it-IT\",\"potentialAction\":[{\"@type\":\"ReadAction\",\"target\":[\"https:\\\/\\\/research.dii.unipd.it\\\/analisirischio\\\/partnership\\\/\"]}]},{\"@type\":\"BreadcrumbList\",\"@id\":\"https:\\\/\\\/research.dii.unipd.it\\\/analisirischio\\\/partnership\\\/#breadcrumb\",\"itemListElement\":[{\"@type\":\"ListItem\",\"position\":1,\"name\":\"Home\",\"item\":\"https:\\\/\\\/research.dii.unipd.it\\\/analisirischio\\\/\"},{\"@type\":\"ListItem\",\"position\":2,\"name\":\"Partnership\"}]},{\"@type\":\"WebSite\",\"@id\":\"https:\\\/\\\/research.dii.unipd.it\\\/analisirischio\\\/#website\",\"url\":\"https:\\\/\\\/research.dii.unipd.it\\\/analisirischio\\\/\",\"name\":\"ANALISIRISCHIO\",\"description\":\"\",\"potentialAction\":[{\"@type\":\"SearchAction\",\"target\":{\"@type\":\"EntryPoint\",\"urlTemplate\":\"https:\\\/\\\/research.dii.unipd.it\\\/analisirischio\\\/?s={search_term_string}\"},\"query-input\":{\"@type\":\"PropertyValueSpecification\",\"valueRequired\":true,\"valueName\":\"search_term_string\"}}],\"inLanguage\":\"it-IT\"}]}<\/script>\n<!-- \/ Yoast SEO plugin. -->","yoast_head_json":{"title":"Partnership - ANALISIRISCHIO","robots":{"index":"index","follow":"follow","max-snippet":"max-snippet:-1","max-image-preview":"max-image-preview:large","max-video-preview":"max-video-preview:-1"},"canonical":"https:\/\/research.dii.unipd.it\/analisirischio\/partnership\/","og_locale":"it_IT","og_type":"article","og_title":"Partnership - ANALISIRISCHIO","og_description":"Academic collaborations: Politecnico di Milano (Italy) Polytechnique Montr\u00e9al (Canada) Technical University of Munich (Germany) Universit\u00e0 degli Studi di Bologna (Italy) Universit\u00e0 degli Studi di Milano (Italy) Universit\u00e0 Politecnica delle Marche (Italy) Universit\u00e0 degli Studi di Messina (Italy) Universit\u00e9 de Sherbrooke (Canada)","og_url":"https:\/\/research.dii.unipd.it\/analisirischio\/partnership\/","og_site_name":"ANALISIRISCHIO","article_modified_time":"2022-12-22T13:39:16+00:00","twitter_card":"summary_large_image","schema":{"@context":"https:\/\/schema.org","@graph":[{"@type":"WebPage","@id":"https:\/\/research.dii.unipd.it\/analisirischio\/partnership\/","url":"https:\/\/research.dii.unipd.it\/analisirischio\/partnership\/","name":"Partnership - ANALISIRISCHIO","isPartOf":{"@id":"https:\/\/research.dii.unipd.it\/analisirischio\/#website"},"datePublished":"2018-03-23T09:00:35+00:00","dateModified":"2022-12-22T13:39:16+00:00","breadcrumb":{"@id":"https:\/\/research.dii.unipd.it\/analisirischio\/partnership\/#breadcrumb"},"inLanguage":"it-IT","potentialAction":[{"@type":"ReadAction","target":["https:\/\/research.dii.unipd.it\/analisirischio\/partnership\/"]}]},{"@type":"BreadcrumbList","@id":"https:\/\/research.dii.unipd.it\/analisirischio\/partnership\/#breadcrumb","itemListElement":[{"@type":"ListItem","position":1,"name":"Home","item":"https:\/\/research.dii.unipd.it\/analisirischio\/"},{"@type":"ListItem","position":2,"name":"Partnership"}]},{"@type":"WebSite","@id":"https:\/\/research.dii.unipd.it\/analisirischio\/#website","url":"https:\/\/research.dii.unipd.it\/analisirischio\/","name":"ANALISIRISCHIO","description":"","potentialAction":[{"@type":"SearchAction","target":{"@type":"EntryPoint","urlTemplate":"https:\/\/research.dii.unipd.it\/analisirischio\/?s={search_term_string}"},"query-input":{"@type":"PropertyValueSpecification","valueRequired":true,"valueName":"search_term_string"}}],"inLanguage":"it-IT"}]}},"_links":{"self":[{"href":"https:\/\/research.dii.unipd.it\/analisirischio\/wp-json\/wp\/v2\/pages\/219","targetHints":{"allow":["GET"]}}],"collection":[{"href":"https:\/\/research.dii.unipd.it\/analisirischio\/wp-json\/wp\/v2\/pages"}],"about":[{"href":"https:\/\/research.dii.unipd.it\/analisirischio\/wp-json\/wp\/v2\/types\/page"}],"author":[{"embeddable":true,"href":"https:\/\/research.dii.unipd.it\/analisirischio\/wp-json\/wp\/v2\/users\/1"}],"replies":[{"embeddable":true,"href":"https:\/\/research.dii.unipd.it\/analisirischio\/wp-json\/wp\/v2\/comments?post=219"}],"version-history":[{"count":2,"href":"https:\/\/research.dii.unipd.it\/analisirischio\/wp-json\/wp\/v2\/pages\/219\/revisions"}],"predecessor-version":[{"id":358,"href":"https:\/\/research.dii.unipd.it\/analisirischio\/wp-json\/wp\/v2\/pages\/219\/revisions\/358"}],"wp:attachment":[{"href":"https:\/\/research.dii.unipd.it\/analisirischio\/wp-json\/wp\/v2\/media?parent=219"}],"wp:term":[{"taxonomy":"folder","embeddable":true,"href":"https:\/\/research.dii.unipd.it\/analisirischio\/wp-json\/wp\/v2\/folder?post=219"}],"curies":[{"name":"wp","href":"https:\/\/api.w.org\/{rel}","templated":true}]}}